{"id":599,"date":"2022-02-16T15:26:23","date_gmt":"2022-02-16T14:26:23","guid":{"rendered":"http:\/\/yksi9396.odns.fr\/?page_id=599"},"modified":"2025-09-01T08:33:13","modified_gmt":"2025-09-01T06:33:13","slug":"menu-du-dejeuner","status":"publish","type":"page","link":"https:\/\/www.6newyork.fr\/fr\/cartes-et-menus\/menu-du-dejeuner\/","title":{"rendered":"Le Menu du d\u00e9jeuner"},"content":{"rendered":"<div id=\"pl-599\"  class=\"panel-layout\" ><div id=\"pg-599-0\"  class=\"panel-grid panel-no-style\" ><div id=\"pgc-599-0-0\"  class=\"panel-grid-cell\" ><div id=\"panel-599-0-0-0\" class=\"so-panel widget widget_sow-image panel-first-child\" data-index=\"0\" ><div\n\t\t\t\n\t\t\tclass=\"so-widget-sow-image so-widget-sow-image-default-a258e6bfa2d8-599\"\n\t\t\t\n\t\t>\n<div class=\"sow-image-container\">\n\t\t<img \n\tdata-src=\"https:\/\/www.6newyork.fr\/wp-content\/uploads\/2025\/09\/2.jpg\" width=\"1414\" height=\"2000\" data-srcset=\"https:\/\/www.6newyork.fr\/wp-content\/uploads\/2025\/09\/2.jpg 1414w, https:\/\/www.6newyork.fr\/wp-content\/uploads\/2025\/09\/2-212x300.jpg 212w, https:\/\/www.6newyork.fr\/wp-content\/uploads\/2025\/09\/2-724x1024.jpg 724w, https:\/\/www.6newyork.fr\/wp-content\/uploads\/2025\/09\/2-768x1086.jpg 768w, https:\/\/www.6newyork.fr\/wp-content\/uploads\/2025\/09\/2-1086x1536.jpg 1086w\" data-sizes=\"(max-width: 1414px) 100vw, 1414px\" alt=\"\" \t\tclass=\"so-widget-image lazyload\" src=\"data:image\/svg+xml;base64,PHN2ZyB3aWR0aD0iMSIgaGVpZ2h0PSIxIiB4bWxucz0iaHR0cDovL3d3dy53My5vcmcvMjAwMC9zdmciPjwvc3ZnPg==\" style=\"--smush-placeholder-width: 1414px; --smush-placeholder-aspect-ratio: 1414\/2000;\" \/>\n\t<\/div>\n\n<\/div><\/div><div id=\"panel-599-0-0-1\" class=\"so-panel widget widget_sow-image\" data-index=\"1\" ><div\n\t\t\t\n\t\t\tclass=\"so-widget-sow-image so-widget-sow-image-default-a258e6bfa2d8-599\"\n\t\t\t\n\t\t>\n<div class=\"sow-image-container\">\n\t\t<img \n\tdata-src=\"https:\/\/www.6newyork.fr\/wp-content\/uploads\/2025\/09\/3.jpg\" width=\"1414\" height=\"2000\" data-srcset=\"https:\/\/www.6newyork.fr\/wp-content\/uploads\/2025\/09\/3.jpg 1414w, https:\/\/www.6newyork.fr\/wp-content\/uploads\/2025\/09\/3-212x300.jpg 212w, https:\/\/www.6newyork.fr\/wp-content\/uploads\/2025\/09\/3-724x1024.jpg 724w, https:\/\/www.6newyork.fr\/wp-content\/uploads\/2025\/09\/3-768x1086.jpg 768w, https:\/\/www.6newyork.fr\/wp-content\/uploads\/2025\/09\/3-1086x1536.jpg 1086w\" data-sizes=\"(max-width: 1414px) 100vw, 1414px\" alt=\"\" \t\tclass=\"so-widget-image lazyload\" src=\"data:image\/svg+xml;base64,PHN2ZyB3aWR0aD0iMSIgaGVpZ2h0PSIxIiB4bWxucz0iaHR0cDovL3d3dy53My5vcmcvMjAwMC9zdmciPjwvc3ZnPg==\" style=\"--smush-placeholder-width: 1414px; --smush-placeholder-aspect-ratio: 1414\/2000;\" \/>\n\t<\/div>\n\n<\/div><\/div><div id=\"panel-599-0-0-2\" class=\"so-panel widget widget_sow-image\" data-index=\"2\" ><div\n\t\t\t\n\t\t\tclass=\"so-widget-sow-image so-widget-sow-image-default-a258e6bfa2d8-599\"\n\t\t\t\n\t\t>\n<div class=\"sow-image-container\">\n\t\t<img \n\tdata-src=\"https:\/\/www.6newyork.fr\/wp-content\/uploads\/2025\/09\/4.jpg\" width=\"1414\" height=\"2000\" data-srcset=\"https:\/\/www.6newyork.fr\/wp-content\/uploads\/2025\/09\/4.jpg 1414w, https:\/\/www.6newyork.fr\/wp-content\/uploads\/2025\/09\/4-212x300.jpg 212w, https:\/\/www.6newyork.fr\/wp-content\/uploads\/2025\/09\/4-724x1024.jpg 724w, https:\/\/www.6newyork.fr\/wp-content\/uploads\/2025\/09\/4-768x1086.jpg 768w, https:\/\/www.6newyork.fr\/wp-content\/uploads\/2025\/09\/4-1086x1536.jpg 1086w\" data-sizes=\"(max-width: 1414px) 100vw, 1414px\" alt=\"\" \t\tclass=\"so-widget-image lazyload\" src=\"data:image\/svg+xml;base64,PHN2ZyB3aWR0aD0iMSIgaGVpZ2h0PSIxIiB4bWxucz0iaHR0cDovL3d3dy53My5vcmcvMjAwMC9zdmciPjwvc3ZnPg==\" style=\"--smush-placeholder-width: 1414px; --smush-placeholder-aspect-ratio: 1414\/2000;\" \/>\n\t<\/div>\n\n<\/div><\/div><div id=\"panel-599-0-0-3\" class=\"so-panel widget widget_sow-image panel-last-child\" data-index=\"3\" ><div\n\t\t\t\n\t\t\tclass=\"so-widget-sow-image so-widget-sow-image-default-a258e6bfa2d8-599\"\n\t\t\t\n\t\t>\n<div class=\"sow-image-container\">\n\t\t<img \n\tdata-src=\"https:\/\/www.6newyork.fr\/wp-content\/uploads\/2025\/09\/5.jpg\" width=\"1414\" height=\"2000\" data-srcset=\"https:\/\/www.6newyork.fr\/wp-content\/uploads\/2025\/09\/5.jpg 1414w, https:\/\/www.6newyork.fr\/wp-content\/uploads\/2025\/09\/5-212x300.jpg 212w, https:\/\/www.6newyork.fr\/wp-content\/uploads\/2025\/09\/5-724x1024.jpg 724w, https:\/\/www.6newyork.fr\/wp-content\/uploads\/2025\/09\/5-768x1086.jpg 768w, https:\/\/www.6newyork.fr\/wp-content\/uploads\/2025\/09\/5-1086x1536.jpg 1086w\" data-sizes=\"(max-width: 1414px) 100vw, 1414px\" alt=\"\" \t\tclass=\"so-widget-image lazyload\" src=\"data:image\/svg+xml;base64,PHN2ZyB3aWR0aD0iMSIgaGVpZ2h0PSIxIiB4bWxucz0iaHR0cDovL3d3dy53My5vcmcvMjAwMC9zdmciPjwvc3ZnPg==\" style=\"--smush-placeholder-width: 1414px; --smush-placeholder-aspect-ratio: 1414\/2000;\" \/>\n\t<\/div>\n\n<\/div><\/div><\/div><\/div><\/div>","protected":false},"excerpt":{"rendered":"","protected":false},"author":1,"featured_media":0,"parent":563,"menu_order":0,"comment_status":"closed","ping_status":"closed","template":"","meta":{"footnotes":""},"class_list":["post-599","page","type-page","status-publish","hentry","post"],"yoast_head":"<!-- This site is optimized with the Yoast SEO plugin v27.4 - https:\/\/yoast.com\/product\/yoast-seo-wordpress\/ -->\n<title>Le Menu du d\u00e9jeuner - Restaurant 6 New York Paris<\/title>\n<meta name=\"description\" content=\"D\u00e9couvrez les menu du d\u00e9jeuner du restaurant 6 New York \u00e0 Paris. Le restaurant vous propose des plats \u00e0 base de poissons, de viandes et des fromages affin\u00e9s.\" \/>\n<meta name=\"robots\" content=\"index, follow, max-snippet:-1, max-image-preview:large, max-video-preview:-1\" \/>\n<link rel=\"canonical\" href=\"https:\/\/www.6newyork.fr\/fr\/cartes-et-menus\/menu-du-dejeuner\/\" \/>\n<meta property=\"og:locale\" content=\"fr_FR\" \/>\n<meta property=\"og:type\" content=\"article\" \/>\n<meta property=\"og:title\" content=\"Le Menu du d\u00e9jeuner - Restaurant 6 New York Paris\" \/>\n<meta property=\"og:description\" content=\"D\u00e9couvrez les menu du d\u00e9jeuner du restaurant 6 New York \u00e0 Paris. Le restaurant vous propose des plats \u00e0 base de poissons, de viandes et des fromages affin\u00e9s.\" \/>\n<meta property=\"og:url\" content=\"https:\/\/www.6newyork.fr\/fr\/cartes-et-menus\/menu-du-dejeuner\/\" \/>\n<meta property=\"og:site_name\" content=\"Restaurant 6 New York Paris\" \/>\n<meta property=\"article:publisher\" content=\"https:\/\/www.facebook.com\/6NewYorkofficiel\/\" \/>\n<meta property=\"article:modified_time\" content=\"2025-09-01T06:33:13+00:00\" \/>\n<meta property=\"og:image\" content=\"https:\/\/www.6newyork.fr\/wp-content\/uploads\/2022\/03\/logo-6NY-retina-360x230-1.png\" \/>\n\t<meta property=\"og:image:width\" content=\"360\" \/>\n\t<meta property=\"og:image:height\" content=\"230\" \/>\n\t<meta property=\"og:image:type\" content=\"image\/png\" \/>\n<meta name=\"twitter:card\" content=\"summary_large_image\" \/>\n<meta name=\"twitter:label1\" content=\"Dur\u00e9e de lecture estim\u00e9e\" \/>\n\t<meta name=\"twitter:data1\" content=\"1 minute\" \/>\n<script type=\"application\/ld+json\" class=\"yoast-schema-graph\">{\"@context\":\"https:\\\/\\\/schema.org\",\"@graph\":[{\"@type\":\"WebPage\",\"@id\":\"https:\\\/\\\/www.6newyork.fr\\\/fr\\\/cartes-et-menus\\\/menu-du-dejeuner\\\/\",\"url\":\"https:\\\/\\\/www.6newyork.fr\\\/fr\\\/cartes-et-menus\\\/menu-du-dejeuner\\\/\",\"name\":\"Le Menu du d\u00e9jeuner - Restaurant 6 New York Paris\",\"isPartOf\":{\"@id\":\"https:\\\/\\\/www.6newyork.fr\\\/fr\\\/#website\"},\"datePublished\":\"2022-02-16T14:26:23+00:00\",\"dateModified\":\"2025-09-01T06:33:13+00:00\",\"description\":\"D\u00e9couvrez les menu du d\u00e9jeuner du restaurant 6 New York \u00e0 Paris. Le restaurant vous propose des plats \u00e0 base de poissons, de viandes et des fromages affin\u00e9s.\",\"breadcrumb\":{\"@id\":\"https:\\\/\\\/www.6newyork.fr\\\/fr\\\/cartes-et-menus\\\/menu-du-dejeuner\\\/#breadcrumb\"},\"inLanguage\":\"fr-FR\",\"potentialAction\":[{\"@type\":\"ReadAction\",\"target\":[\"https:\\\/\\\/www.6newyork.fr\\\/fr\\\/cartes-et-menus\\\/menu-du-dejeuner\\\/\"]}]},{\"@type\":\"BreadcrumbList\",\"@id\":\"https:\\\/\\\/www.6newyork.fr\\\/fr\\\/cartes-et-menus\\\/menu-du-dejeuner\\\/#breadcrumb\",\"itemListElement\":[{\"@type\":\"ListItem\",\"position\":1,\"name\":\"Accueil\",\"item\":\"https:\\\/\\\/www.6newyork.fr\\\/fr\\\/\"},{\"@type\":\"ListItem\",\"position\":2,\"name\":\"Carte &#038; Menus\",\"item\":\"https:\\\/\\\/www.6newyork.fr\\\/fr\\\/cartes-et-menus\\\/\"},{\"@type\":\"ListItem\",\"position\":3,\"name\":\"Le Menu du d\u00e9jeuner\"}]},{\"@type\":\"WebSite\",\"@id\":\"https:\\\/\\\/www.6newyork.fr\\\/fr\\\/#website\",\"url\":\"https:\\\/\\\/www.6newyork.fr\\\/fr\\\/\",\"name\":\"Restaurant 6 New York Paris\",\"description\":\"Sous-titre\",\"publisher\":{\"@id\":\"https:\\\/\\\/www.6newyork.fr\\\/fr\\\/#organization\"},\"potentialAction\":[{\"@type\":\"SearchAction\",\"target\":{\"@type\":\"EntryPoint\",\"urlTemplate\":\"https:\\\/\\\/www.6newyork.fr\\\/fr\\\/?s={search_term_string}\"},\"query-input\":{\"@type\":\"PropertyValueSpecification\",\"valueRequired\":true,\"valueName\":\"search_term_string\"}}],\"inLanguage\":\"fr-FR\"},{\"@type\":\"Organization\",\"@id\":\"https:\\\/\\\/www.6newyork.fr\\\/fr\\\/#organization\",\"name\":\"Restaurant 6 New York\",\"url\":\"https:\\\/\\\/www.6newyork.fr\\\/fr\\\/\",\"logo\":{\"@type\":\"ImageObject\",\"inLanguage\":\"fr-FR\",\"@id\":\"https:\\\/\\\/www.6newyork.fr\\\/fr\\\/#\\\/schema\\\/logo\\\/image\\\/\",\"url\":\"https:\\\/\\\/www.6newyork.fr\\\/wp-content\\\/uploads\\\/2022\\\/03\\\/logo-restaurant-6NY-2.png\",\"contentUrl\":\"https:\\\/\\\/www.6newyork.fr\\\/wp-content\\\/uploads\\\/2022\\\/03\\\/logo-restaurant-6NY-2.png\",\"width\":180,\"height\":115,\"caption\":\"Restaurant 6 New York\"},\"image\":{\"@id\":\"https:\\\/\\\/www.6newyork.fr\\\/fr\\\/#\\\/schema\\\/logo\\\/image\\\/\"},\"sameAs\":[\"https:\\\/\\\/www.facebook.com\\\/6NewYorkofficiel\\\/\",\"https:\\\/\\\/www.instagram.com\\\/restaurant_6newyork\\\/\"]}]}<\/script>\n<!-- \/ Yoast SEO plugin. -->","yoast_head_json":{"title":"Le Menu du d\u00e9jeuner - Restaurant 6 New York Paris","description":"D\u00e9couvrez les menu du d\u00e9jeuner du restaurant 6 New York \u00e0 Paris. Le restaurant vous propose des plats \u00e0 base de poissons, de viandes et des fromages affin\u00e9s.","robots":{"index":"index","follow":"follow","max-snippet":"max-snippet:-1","max-image-preview":"max-image-preview:large","max-video-preview":"max-video-preview:-1"},"canonical":"https:\/\/www.6newyork.fr\/fr\/cartes-et-menus\/menu-du-dejeuner\/","og_locale":"fr_FR","og_type":"article","og_title":"Le Menu du d\u00e9jeuner - Restaurant 6 New York Paris","og_description":"D\u00e9couvrez les menu du d\u00e9jeuner du restaurant 6 New York \u00e0 Paris. Le restaurant vous propose des plats \u00e0 base de poissons, de viandes et des fromages affin\u00e9s.","og_url":"https:\/\/www.6newyork.fr\/fr\/cartes-et-menus\/menu-du-dejeuner\/","og_site_name":"Restaurant 6 New York Paris","article_publisher":"https:\/\/www.facebook.com\/6NewYorkofficiel\/","article_modified_time":"2025-09-01T06:33:13+00:00","og_image":[{"width":360,"height":230,"url":"https:\/\/www.6newyork.fr\/wp-content\/uploads\/2022\/03\/logo-6NY-retina-360x230-1.png","type":"image\/png"}],"twitter_card":"summary_large_image","twitter_misc":{"Dur\u00e9e de lecture estim\u00e9e":"1 minute"},"schema":{"@context":"https:\/\/schema.org","@graph":[{"@type":"WebPage","@id":"https:\/\/www.6newyork.fr\/fr\/cartes-et-menus\/menu-du-dejeuner\/","url":"https:\/\/www.6newyork.fr\/fr\/cartes-et-menus\/menu-du-dejeuner\/","name":"Le Menu du d\u00e9jeuner - Restaurant 6 New York Paris","isPartOf":{"@id":"https:\/\/www.6newyork.fr\/fr\/#website"},"datePublished":"2022-02-16T14:26:23+00:00","dateModified":"2025-09-01T06:33:13+00:00","description":"D\u00e9couvrez les menu du d\u00e9jeuner du restaurant 6 New York \u00e0 Paris. Le restaurant vous propose des plats \u00e0 base de poissons, de viandes et des fromages affin\u00e9s.","breadcrumb":{"@id":"https:\/\/www.6newyork.fr\/fr\/cartes-et-menus\/menu-du-dejeuner\/#breadcrumb"},"inLanguage":"fr-FR","potentialAction":[{"@type":"ReadAction","target":["https:\/\/www.6newyork.fr\/fr\/cartes-et-menus\/menu-du-dejeuner\/"]}]},{"@type":"BreadcrumbList","@id":"https:\/\/www.6newyork.fr\/fr\/cartes-et-menus\/menu-du-dejeuner\/#breadcrumb","itemListElement":[{"@type":"ListItem","position":1,"name":"Accueil","item":"https:\/\/www.6newyork.fr\/fr\/"},{"@type":"ListItem","position":2,"name":"Carte &#038; Menus","item":"https:\/\/www.6newyork.fr\/fr\/cartes-et-menus\/"},{"@type":"ListItem","position":3,"name":"Le Menu du d\u00e9jeuner"}]},{"@type":"WebSite","@id":"https:\/\/www.6newyork.fr\/fr\/#website","url":"https:\/\/www.6newyork.fr\/fr\/","name":"Restaurant 6 New York Paris","description":"Sous-titre","publisher":{"@id":"https:\/\/www.6newyork.fr\/fr\/#organization"},"potentialAction":[{"@type":"SearchAction","target":{"@type":"EntryPoint","urlTemplate":"https:\/\/www.6newyork.fr\/fr\/?s={search_term_string}"},"query-input":{"@type":"PropertyValueSpecification","valueRequired":true,"valueName":"search_term_string"}}],"inLanguage":"fr-FR"},{"@type":"Organization","@id":"https:\/\/www.6newyork.fr\/fr\/#organization","name":"Restaurant 6 New York","url":"https:\/\/www.6newyork.fr\/fr\/","logo":{"@type":"ImageObject","inLanguage":"fr-FR","@id":"https:\/\/www.6newyork.fr\/fr\/#\/schema\/logo\/image\/","url":"https:\/\/www.6newyork.fr\/wp-content\/uploads\/2022\/03\/logo-restaurant-6NY-2.png","contentUrl":"https:\/\/www.6newyork.fr\/wp-content\/uploads\/2022\/03\/logo-restaurant-6NY-2.png","width":180,"height":115,"caption":"Restaurant 6 New York"},"image":{"@id":"https:\/\/www.6newyork.fr\/fr\/#\/schema\/logo\/image\/"},"sameAs":["https:\/\/www.facebook.com\/6NewYorkofficiel\/","https:\/\/www.instagram.com\/restaurant_6newyork\/"]}]}},"_links":{"self":[{"href":"https:\/\/www.6newyork.fr\/fr\/wp-json\/wp\/v2\/pages\/599","targetHints":{"allow":["GET"]}}],"collection":[{"href":"https:\/\/www.6newyork.fr\/fr\/wp-json\/wp\/v2\/pages"}],"about":[{"href":"https:\/\/www.6newyork.fr\/fr\/wp-json\/wp\/v2\/types\/page"}],"author":[{"embeddable":true,"href":"https:\/\/www.6newyork.fr\/fr\/wp-json\/wp\/v2\/users\/1"}],"replies":[{"embeddable":true,"href":"https:\/\/www.6newyork.fr\/fr\/wp-json\/wp\/v2\/comments?post=599"}],"version-history":[{"count":24,"href":"https:\/\/www.6newyork.fr\/fr\/wp-json\/wp\/v2\/pages\/599\/revisions"}],"predecessor-version":[{"id":332759,"href":"https:\/\/www.6newyork.fr\/fr\/wp-json\/wp\/v2\/pages\/599\/revisions\/332759"}],"up":[{"embeddable":true,"href":"https:\/\/www.6newyork.fr\/fr\/wp-json\/wp\/v2\/pages\/563"}],"wp:attachment":[{"href":"https:\/\/www.6newyork.fr\/fr\/wp-json\/wp\/v2\/media?parent=599"}],"curies":[{"name":"wp","href":"https:\/\/api.w.org\/{rel}","templated":true}]}}